{"id":1031,"date":"2026-01-28T14:31:26","date_gmt":"2026-01-28T13:31:26","guid":{"rendered":"https:\/\/www.mop-up.com\/cookies-policy\/"},"modified":"2026-01-28T14:41:11","modified_gmt":"2026-01-28T13:41:11","slug":"cookies-policy","status":"publish","type":"page","link":"https:\/\/www.mop-up.com\/en\/cookies-policy\/","title":{"rendered":"Cookies Policy"},"content":{"rendered":"\t\t<div data-elementor-type=\"wp-post\" data-elementor-id=\"1031\" class=\"elementor elementor-1031 elementor-1025\" data-elementor-post-type=\"page\">\n\t\t\t\t<div class=\"elementor-element elementor-element-95c35c8 e-con-full e-flex e-con e-parent\" data-id=\"95c35c8\" data-element_type=\"container\" data-e-type=\"container\">\n\t\t<div class=\"elementor-element elementor-element-9527300 e-flex e-con-boxed e-con e-child\" data-id=\"9527300\" data-element_type=\"container\" data-e-type=\"container\" data-settings=\"{&quot;background_background&quot;:&quot;classic&quot;}\">\n\t\t\t\t\t<div class=\"e-con-inner\">\n\t\t<div class=\"elementor-element elementor-element-b24f096 e-con-full e-flex e-con e-child\" data-id=\"b24f096\" data-element_type=\"container\" data-e-type=\"container\">\n\t\t\t\t<div class=\"elementor-element elementor-element-1403d26 elementor-widget elementor-widget-heading\" data-id=\"1403d26\" data-element_type=\"widget\" data-e-type=\"widget\" data-widget_type=\"heading.default\">\n\t\t\t\t<div class=\"elementor-widget-container\">\n\t\t\t\t\t<h2 class=\"elementor-heading-title elementor-size-default\">COOKIES POLICY<\/h2>\t\t\t\t<\/div>\n\t\t\t\t<\/div>\n\t\t\t\t<\/div>\n\t\t<div class=\"elementor-element elementor-element-1def277 e-con-full e-flex e-con e-child\" data-id=\"1def277\" data-element_type=\"container\" data-e-type=\"container\">\n\t\t\t\t<\/div>\n\t\t\t\t\t<\/div>\n\t\t\t\t<\/div>\n\t\t\t\t<\/div>\n\t\t<div class=\"elementor-element elementor-element-cb4f22b e-con-full e-flex e-con e-parent\" data-id=\"cb4f22b\" data-element_type=\"container\" data-e-type=\"container\" data-settings=\"{&quot;background_background&quot;:&quot;classic&quot;}\">\n\t\t<div class=\"elementor-element elementor-element-b7148db e-flex e-con-boxed e-con e-child\" data-id=\"b7148db\" data-element_type=\"container\" data-e-type=\"container\">\n\t\t\t\t\t<div class=\"e-con-inner\">\n\t\t<div class=\"elementor-element elementor-element-269710b e-con-full e-flex e-con e-child\" data-id=\"269710b\" data-element_type=\"container\" data-e-type=\"container\">\n\t\t\t\t<div class=\"elementor-element elementor-element-8a8db03 elementor-widget elementor-widget-heading\" data-id=\"8a8db03\" data-element_type=\"widget\" data-e-type=\"widget\" data-widget_type=\"heading.default\">\n\t\t\t\t<div class=\"elementor-widget-container\">\n\t\t\t\t\t<h2 class=\"elementor-heading-title elementor-size-default\">COOKIES POLICY\n<\/h2>\t\t\t\t<\/div>\n\t\t\t\t<\/div>\n\t\t\t\t<div class=\"elementor-element elementor-element-579ccff elementor-widget elementor-widget-text-editor\" data-id=\"579ccff\" data-element_type=\"widget\" data-e-type=\"widget\" data-widget_type=\"text-editor.default\">\n\t\t\t\t<div class=\"elementor-widget-container\">\n\t\t\t\t\t\t\t\t\t<p><strong>DATOS IDENTIFICATIVOS<\/strong><br><strong>Nombre de dominio:<\/strong> www.mop-up.com\/<br><strong>Nombre comercial:<\/strong> Mop-up<br><strong>Denominaci\u00f3n social:<\/strong> Rossella Ivonne Sandoval Lazo<br><strong>NIF:<\/strong> 60567389V<br><strong>Domicilio social:<\/strong> Calle Albaic\u00edn 25 1B , 30860 Puerto de Mazarr\u00f3n (MURCIA)<br><strong>Tel\u00e9fono:<\/strong> 634603848<br><strong>E-mail:<\/strong> info@mop-up.com<\/p><div class=\"cookie-policy-date-container\"><p>Fecha de entrada en vigor: January 28, 2026<\/p><p>\u00daltima actualizaci\u00f3n: January 28, 2026<\/p><\/div><p> <br><strong>DEFINICI\u00d3N Y FUNCI\u00d3N GEN\u00c9RICA DE LAS COOKIES<\/strong><\/p><div class=\"cookie-policy-p\"><p>Las cookies son identificadores que enviamos al disco duro de su ordenador a trav\u00e9s de su navegador Web con el fin de que nuestros sistemas puedan reconocer su navegador y ofrecerle ciertos servicios.<\/p><p>En general, estas tecnolog\u00edas pueden servir para finalidades muy diferentes, por ejemplo, reconocerte como usuario, obtener informaci\u00f3n sobre tus h\u00e1bitos de navegaci\u00f3n, o personalizar la forma en que se muestra el contenido.<\/p><\/div><p> <br><strong>\u00bfC\u00f3mo usamos las cookies?<\/strong><\/p><div class=\"cookie-policy-p\"><p>Esta p\u00e1gina utiliza tipos diferentes de cookies. Algunas cookies son colocadas por servicios de terceros que aparecen en nuestras p\u00e1ginas. En algunos casos, al utilizar un motor de b\u00fasqueda Google, es posible que haya aceptado sus propias cookies. Estas cookies de Google son instaladas aun cuando usted no haya aceptado nuestras cookies propias y\/o de terceros.   <\/p><p>A continuaci\u00f3n, indicamos las cookies que utiliza la p\u00e1gina https:\/\/mop-up.com<\/p><\/div><p> <br><strong>Tipos de cookies que usamos<\/strong><\/p><div class=\"cky-audit-table-element\"><div><p class=\"text-xl font-semibold mb-2\">Necesaria<\/p><div class=\"cky-category-des\"><p>Las cookies necesarias son cruciales para las funciones b\u00e1sicas del sitio web y el sitio web no funcionar\u00e1 de la forma prevista sin ellas.Estas cookies no almacenan ning\u00fan dato de identificaci\u00f3n personal.<\/p><\/div><div class=\"cky-table-wrapper\"><table class=\"cky-cookie-audit-table\"><thead><tr><th>Cookie<\/th><th>Duration<\/th><th>Description<\/th><\/tr><\/thead><tbody><tr><td>wpEmojiSettingsSupports<\/td><td>sesi\u00f3n<\/td><td>WordPress sets this cookie when a user interacts with emojis on a WordPress site. It helps determine if the user&#8217;s browser can display emojis properly. <\/td><\/tr><tr><td>cookieyes-consent<\/td><td>1 a\u00f1o<\/td><td>CookieYes establece esta cookie para recordar las preferencias de consentimiento de los usuarios, de modo que se respeten sus preferencias en las siguientes visitas a este sitio. No recoge ni almacena ninguna informaci\u00f3n personal sobre los visitantes del sitio. <\/td><\/tr><tr><td>wp_consent_preferences<\/td><td>1 mes<\/td><td>WP Consent API sets this cookie to save users&#8217; consent choices for different types of cookies on the website. This ensures a tailored browsing experience by applying users preferences consistently across the visits. <\/td><\/tr><tr><td>wp_consent_statistics<\/td><td>1 mes<\/td><td>WP Consent API sets this cookie to collect anonymous data on website usage and help to analyze and enhance the sites&#8217; performance.<\/td><\/tr><tr><td>wp_consent_statistics-anonymous<\/td><td>1 mes<\/td><td>WP Consent API sets this cookie to understand how the website is used, which enables enhanced user content and services and respects privacy.<\/td><\/tr><tr><td>wp_consent_functional<\/td><td>1 mes<\/td><td>WP Consent API sets this cookie to remember user preferences for essential website functionalities, ensuring a seamless and personalized experience.<\/td><\/tr><tr><td>wp_consent_marketing<\/td><td>1 mes<\/td><td>WP Consent API sets this cookie to record user consent choices for marketing cookies. This ensures that users only receive advertisements tailored to their interests. <\/td><\/tr><\/tbody><\/table><\/div><\/div><div><p class=\"text-xl font-semibold mb-2\">Anal\u00edtica<\/p><div class=\"cky-category-des\"><p>Las cookies anal\u00edticas se utilizan para comprender c\u00f3mo interact\u00faan los visitantes con el sitio web. Estas cookies ayudan a proporcionar informaci\u00f3n sobre m\u00e9tricas el n\u00famero de visitantes, el porcentaje de rebote, la fuente de tr\u00e1fico, etc. <\/p><\/div><div class=\"cky-table-wrapper\"><table class=\"cky-cookie-audit-table\"><thead><tr><th>Cookie<\/th><th>Duration<\/th><th>Description<\/th><\/tr><\/thead><tbody><tr><td>_ga<\/td><td>1 a\u00f1o 1 mes 4 d\u00edas<\/td><td>Google Analytics establece esta cookie para calcular los datos de los visitantes, de las sesiones y de las campa\u00f1as y para hacer un seguimiento del uso del sitio para el informe de an\u00e1lisis del sitio. La cookie almacena la informaci\u00f3n de forma an\u00f3nima y asigna un n\u00famero generado aleatoriamente para reconocer a los visitantes \u00fanicos. <\/td><\/tr><tr><td>_ga_*<\/td><td>1 a\u00f1o 1 mes 4 d\u00edas<\/td><td>Google Analytics sets this cookie to store and count page views.<\/td><\/tr><\/tbody><\/table><\/div><\/div><\/div><p> <br><strong>Gestionar preferencias de cookies<\/strong><br><a class=\"cky-banner-element\">Preferencias de consentimiento<\/a><\/p><div><p>Podr\u00e1 modificar su configuraci\u00f3n de cookies en cualquier momento al hacer clic en el bot\u00f3n Preferencias de consentimiento, situado en la parte superior. Esta opci\u00f3n le permitir\u00e1 volver a visitar el banner de consentimiento de cookies y actualizar sus preferencias, o bien retirar su consentimiento de inmediato. <\/p><p>Asimismo, los diferentes navegadores ofrecen varios m\u00e9todos para bloquear y eliminar cookies que usan los sitios web. Puede modificar los ajustes de su navegador para bloquear o eliminar cookies. A continuaci\u00f3n, ver\u00e1 enlaces de documentos de ayuda para saber c\u00f3mo gestionar y eliminar cookies en los principales navegadores web.  <\/p><p>Chrome: <a href=\"https:\/\/support.google.com\/accounts\/answer\/32050\" target=\"_blank\" rel=\"noopener noreferrer\">https:\/\/support.google.com\/accounts\/answer\/32050<\/a><\/p><p>Safari: <a href=\"https:\/\/support.apple.com\/en-in\/guide\/safari\/sfri11471\/mac\" target=\"_blank\" rel=\"noopener noreferrer\">https:\/\/support.apple.com\/en-in\/guide\/safari\/sfri11471\/mac<\/a><\/p><p>Firefox: <a href=\"https:\/\/support.mozilla.org\/en-US\/kb\/clear-cookies-and-site-data-firefox?redirectslug=delete-cookies-remove-info-websites-stored&amp;redirectlocale=en-US\" target=\"_blank\" rel=\"noopener noreferrer\">https:\/\/support.mozilla.org\/en-US\/kb\/clear-cookies-and-site-data-firefox?redirectslug=delete-cookies-remove-info-websites-stored&amp;redirectlocale=en-US<\/a><\/p><p>Internet Explorer: <a href=\"https:\/\/support.microsoft.com\/en-us\/topic\/how-to-delete-cookie-files-in-internet-explorer-bca9446f-d873-78de-77ba-d42645fa52fc\" target=\"_blank\" rel=\"noopener noreferrer\">https:\/\/support.microsoft.com\/en-us\/topic\/how-to-delete-cookie-files-in-internet-explorer-bca9446f-d873-78de-77ba-d42645fa52fc<\/a><\/p><p>Si usa otro navegador web, consulte la documentaci\u00f3n de ayuda oficial de este.<\/p><\/div>\t\t\t\t\t\t\t\t<\/div>\n\t\t\t\t<\/div>\n\t\t\t\t<\/div>\n\t\t\t\t\t<\/div>\n\t\t\t\t<\/div>\n\t\t\t\t<\/div>\n\t\t\t\t<\/div>\n\t\t","protected":false},"excerpt":{"rendered":"<p>COOKIES POLICY COOKIES POLICY DATOS IDENTIFICATIVOSNombre de dominio: www.mop-up.com\/Nombre comercial: Mop-upDenominaci\u00f3n social: Rossella Ivonne Sandoval LazoNIF: 60567389VDomicilio social: Calle Albaic\u00edn 25 1B , 30860 Puerto de Mazarr\u00f3n (MURCIA)Tel\u00e9fono: 634603848E-mail: info@mop-up.com Fecha de entrada en vigor: January 28, 2026 \u00daltima actualizaci\u00f3n: January 28, 2026 DEFINICI\u00d3N Y FUNCI\u00d3N GEN\u00c9RICA DE LAS COOKIES Las cookies son identificadores que [&hellip;]<\/p>\n","protected":false},"author":1,"featured_media":0,"parent":0,"menu_order":0,"comment_status":"closed","ping_status":"closed","template":"","meta":{"_acf_changed":false,"footnotes":""},"class_list":["post-1031","page","type-page","status-publish","hentry"],"acf":[],"yoast_head":"<!-- This site is optimized with the Yoast SEO plugin v26.9 - https:\/\/yoast.com\/product\/yoast-seo-wordpress\/ -->\n<title>Cookies Policy - MOP-UP. Empresa de Limpieza<\/title>\n<meta name=\"robots\" content=\"index, follow, max-snippet:-1, max-image-preview:large, max-video-preview:-1\" \/>\n<link rel=\"canonical\" href=\"https:\/\/www.mop-up.com\/en\/cookies-policy\/\" \/>\n<meta property=\"og:locale\" content=\"en_US\" \/>\n<meta property=\"og:type\" content=\"article\" \/>\n<meta property=\"og:title\" content=\"Cookies Policy - MOP-UP. Empresa de Limpieza\" \/>\n<meta property=\"og:description\" content=\"COOKIES POLICY COOKIES POLICY DATOS IDENTIFICATIVOSNombre de dominio: www.mop-up.com\/Nombre comercial: Mop-upDenominaci\u00f3n social: Rossella Ivonne Sandoval LazoNIF: 60567389VDomicilio social: Calle Albaic\u00edn 25 1B , 30860 Puerto de Mazarr\u00f3n (MURCIA)Tel\u00e9fono: 634603848E-mail: info@mop-up.com Fecha de entrada en vigor: January 28, 2026 \u00daltima actualizaci\u00f3n: January 28, 2026 DEFINICI\u00d3N Y FUNCI\u00d3N GEN\u00c9RICA DE LAS COOKIES Las cookies son identificadores que [&hellip;]\" \/>\n<meta property=\"og:url\" content=\"https:\/\/www.mop-up.com\/en\/cookies-policy\/\" \/>\n<meta property=\"og:site_name\" content=\"MOP-UP. Empresa de Limpieza\" \/>\n<meta property=\"article:modified_time\" content=\"2026-01-28T13:41:11+00:00\" \/>\n<meta property=\"og:image\" content=\"https:\/\/www.mop-up.com\/wp-content\/uploads\/2025\/05\/logo-scaled.png\" \/>\n\t<meta property=\"og:image:width\" content=\"2560\" \/>\n\t<meta property=\"og:image:height\" content=\"731\" \/>\n\t<meta property=\"og:image:type\" content=\"image\/png\" \/>\n<meta name=\"twitter:card\" content=\"summary_large_image\" \/>\n<meta name=\"twitter:label1\" content=\"Est. reading time\" \/>\n\t<meta name=\"twitter:data1\" content=\"4 minutes\" \/>\n<script type=\"application\/ld+json\" class=\"yoast-schema-graph\">{\"@context\":\"https:\/\/schema.org\",\"@graph\":[{\"@type\":\"WebPage\",\"@id\":\"https:\/\/www.mop-up.com\/en\/cookies-policy\/\",\"url\":\"https:\/\/www.mop-up.com\/en\/cookies-policy\/\",\"name\":\"Cookies Policy - MOP-UP. Empresa de Limpieza\",\"isPartOf\":{\"@id\":\"https:\/\/www.mop-up.com\/en\/#website\"},\"datePublished\":\"2026-01-28T13:31:26+00:00\",\"dateModified\":\"2026-01-28T13:41:11+00:00\",\"breadcrumb\":{\"@id\":\"https:\/\/www.mop-up.com\/en\/cookies-policy\/#breadcrumb\"},\"inLanguage\":\"en-US\",\"potentialAction\":[{\"@type\":\"ReadAction\",\"target\":[\"https:\/\/www.mop-up.com\/en\/cookies-policy\/\"]}]},{\"@type\":\"BreadcrumbList\",\"@id\":\"https:\/\/www.mop-up.com\/en\/cookies-policy\/#breadcrumb\",\"itemListElement\":[{\"@type\":\"ListItem\",\"position\":1,\"name\":\"Portada\",\"item\":\"https:\/\/www.mop-up.com\/en\/\"},{\"@type\":\"ListItem\",\"position\":2,\"name\":\"Cookies Policy\"}]},{\"@type\":\"WebSite\",\"@id\":\"https:\/\/www.mop-up.com\/en\/#website\",\"url\":\"https:\/\/www.mop-up.com\/en\/\",\"name\":\"MOP-UP. Empresa de Limpieza\",\"description\":\"\",\"publisher\":{\"@id\":\"https:\/\/www.mop-up.com\/en\/#organization\"},\"potentialAction\":[{\"@type\":\"SearchAction\",\"target\":{\"@type\":\"EntryPoint\",\"urlTemplate\":\"https:\/\/www.mop-up.com\/en\/?s={search_term_string}\"},\"query-input\":{\"@type\":\"PropertyValueSpecification\",\"valueRequired\":true,\"valueName\":\"search_term_string\"}}],\"inLanguage\":\"en-US\"},{\"@type\":\"Organization\",\"@id\":\"https:\/\/www.mop-up.com\/en\/#organization\",\"name\":\"MOP-UP. Empresa de Limpieza\",\"url\":\"https:\/\/www.mop-up.com\/en\/\",\"logo\":{\"@type\":\"ImageObject\",\"inLanguage\":\"en-US\",\"@id\":\"https:\/\/www.mop-up.com\/en\/#\/schema\/logo\/image\/\",\"url\":\"https:\/\/www.mop-up.com\/wp-content\/uploads\/2025\/05\/logo-scaled.png\",\"contentUrl\":\"https:\/\/www.mop-up.com\/wp-content\/uploads\/2025\/05\/logo-scaled.png\",\"width\":2560,\"height\":731,\"caption\":\"MOP-UP. Empresa de Limpieza\"},\"image\":{\"@id\":\"https:\/\/www.mop-up.com\/en\/#\/schema\/logo\/image\/\"}}]}<\/script>\n<!-- \/ Yoast SEO plugin. -->","yoast_head_json":{"title":"Cookies Policy - MOP-UP. Empresa de Limpieza","robots":{"index":"index","follow":"follow","max-snippet":"max-snippet:-1","max-image-preview":"max-image-preview:large","max-video-preview":"max-video-preview:-1"},"canonical":"https:\/\/www.mop-up.com\/en\/cookies-policy\/","og_locale":"en_US","og_type":"article","og_title":"Cookies Policy - MOP-UP. Empresa de Limpieza","og_description":"COOKIES POLICY COOKIES POLICY DATOS IDENTIFICATIVOSNombre de dominio: www.mop-up.com\/Nombre comercial: Mop-upDenominaci\u00f3n social: Rossella Ivonne Sandoval LazoNIF: 60567389VDomicilio social: Calle Albaic\u00edn 25 1B , 30860 Puerto de Mazarr\u00f3n (MURCIA)Tel\u00e9fono: 634603848E-mail: info@mop-up.com Fecha de entrada en vigor: January 28, 2026 \u00daltima actualizaci\u00f3n: January 28, 2026 DEFINICI\u00d3N Y FUNCI\u00d3N GEN\u00c9RICA DE LAS COOKIES Las cookies son identificadores que [&hellip;]","og_url":"https:\/\/www.mop-up.com\/en\/cookies-policy\/","og_site_name":"MOP-UP. Empresa de Limpieza","article_modified_time":"2026-01-28T13:41:11+00:00","og_image":[{"width":2560,"height":731,"url":"https:\/\/www.mop-up.com\/wp-content\/uploads\/2025\/05\/logo-scaled.png","type":"image\/png"}],"twitter_card":"summary_large_image","twitter_misc":{"Est. reading time":"4 minutes"},"schema":{"@context":"https:\/\/schema.org","@graph":[{"@type":"WebPage","@id":"https:\/\/www.mop-up.com\/en\/cookies-policy\/","url":"https:\/\/www.mop-up.com\/en\/cookies-policy\/","name":"Cookies Policy - MOP-UP. Empresa de Limpieza","isPartOf":{"@id":"https:\/\/www.mop-up.com\/en\/#website"},"datePublished":"2026-01-28T13:31:26+00:00","dateModified":"2026-01-28T13:41:11+00:00","breadcrumb":{"@id":"https:\/\/www.mop-up.com\/en\/cookies-policy\/#breadcrumb"},"inLanguage":"en-US","potentialAction":[{"@type":"ReadAction","target":["https:\/\/www.mop-up.com\/en\/cookies-policy\/"]}]},{"@type":"BreadcrumbList","@id":"https:\/\/www.mop-up.com\/en\/cookies-policy\/#breadcrumb","itemListElement":[{"@type":"ListItem","position":1,"name":"Portada","item":"https:\/\/www.mop-up.com\/en\/"},{"@type":"ListItem","position":2,"name":"Cookies Policy"}]},{"@type":"WebSite","@id":"https:\/\/www.mop-up.com\/en\/#website","url":"https:\/\/www.mop-up.com\/en\/","name":"MOP-UP. Empresa de Limpieza","description":"","publisher":{"@id":"https:\/\/www.mop-up.com\/en\/#organization"},"potentialAction":[{"@type":"SearchAction","target":{"@type":"EntryPoint","urlTemplate":"https:\/\/www.mop-up.com\/en\/?s={search_term_string}"},"query-input":{"@type":"PropertyValueSpecification","valueRequired":true,"valueName":"search_term_string"}}],"inLanguage":"en-US"},{"@type":"Organization","@id":"https:\/\/www.mop-up.com\/en\/#organization","name":"MOP-UP. Empresa de Limpieza","url":"https:\/\/www.mop-up.com\/en\/","logo":{"@type":"ImageObject","inLanguage":"en-US","@id":"https:\/\/www.mop-up.com\/en\/#\/schema\/logo\/image\/","url":"https:\/\/www.mop-up.com\/wp-content\/uploads\/2025\/05\/logo-scaled.png","contentUrl":"https:\/\/www.mop-up.com\/wp-content\/uploads\/2025\/05\/logo-scaled.png","width":2560,"height":731,"caption":"MOP-UP. Empresa de Limpieza"},"image":{"@id":"https:\/\/www.mop-up.com\/en\/#\/schema\/logo\/image\/"}}]}},"_links":{"self":[{"href":"https:\/\/www.mop-up.com\/en\/wp-json\/wp\/v2\/pages\/1031","targetHints":{"allow":["GET"]}}],"collection":[{"href":"https:\/\/www.mop-up.com\/en\/wp-json\/wp\/v2\/pages"}],"about":[{"href":"https:\/\/www.mop-up.com\/en\/wp-json\/wp\/v2\/types\/page"}],"author":[{"embeddable":true,"href":"https:\/\/www.mop-up.com\/en\/wp-json\/wp\/v2\/users\/1"}],"replies":[{"embeddable":true,"href":"https:\/\/www.mop-up.com\/en\/wp-json\/wp\/v2\/comments?post=1031"}],"version-history":[{"count":1,"href":"https:\/\/www.mop-up.com\/en\/wp-json\/wp\/v2\/pages\/1031\/revisions"}],"predecessor-version":[{"id":1032,"href":"https:\/\/www.mop-up.com\/en\/wp-json\/wp\/v2\/pages\/1031\/revisions\/1032"}],"wp:attachment":[{"href":"https:\/\/www.mop-up.com\/en\/wp-json\/wp\/v2\/media?parent=1031"}],"curies":[{"name":"wp","href":"https:\/\/api.w.org\/{rel}","templated":true}]}}