{"id":843,"date":"2025-05-23T10:23:29","date_gmt":"2025-05-23T08:23:29","guid":{"rendered":"http:\/\/s1051168428.mialojamiento.es\/contact\/"},"modified":"2026-02-04T22:51:18","modified_gmt":"2026-02-04T21:51:18","slug":"contact","status":"publish","type":"page","link":"https:\/\/www.mop-up.com\/en\/contact\/","title":{"rendered":"Contact"},"content":{"rendered":"\t\t<div data-elementor-type=\"wp-post\" data-elementor-id=\"843\" class=\"elementor elementor-843 elementor-38\" data-elementor-post-type=\"page\">\n\t\t\t\t<div class=\"elementor-element elementor-element-95c35c8 e-con-full e-flex e-con e-parent\" data-id=\"95c35c8\" data-element_type=\"container\" data-e-type=\"container\">\n\t\t<div class=\"elementor-element elementor-element-9527300 e-flex e-con-boxed e-con e-child\" data-id=\"9527300\" data-element_type=\"container\" data-e-type=\"container\" data-settings=\"{&quot;background_background&quot;:&quot;classic&quot;}\">\n\t\t\t\t\t<div class=\"e-con-inner\">\n\t\t<div class=\"elementor-element elementor-element-b24f096 e-con-full e-flex e-con e-child\" data-id=\"b24f096\" data-element_type=\"container\" data-e-type=\"container\">\n\t\t\t\t<div class=\"elementor-element elementor-element-1403d26 elementor-widget elementor-widget-heading\" data-id=\"1403d26\" data-element_type=\"widget\" data-e-type=\"widget\" data-widget_type=\"heading.default\">\n\t\t\t\t<div class=\"elementor-widget-container\">\n\t\t\t\t\t<h2 class=\"elementor-heading-title elementor-size-default\">CONTACT<\/h2>\t\t\t\t<\/div>\n\t\t\t\t<\/div>\n\t\t\t\t<\/div>\n\t\t<div class=\"elementor-element elementor-element-1def277 e-con-full e-flex e-con e-child\" data-id=\"1def277\" data-element_type=\"container\" data-e-type=\"container\">\n\t\t\t\t<\/div>\n\t\t\t\t\t<\/div>\n\t\t\t\t<\/div>\n\t\t\t\t<\/div>\n\t\t<div class=\"elementor-element elementor-element-cb4f22b e-con-full e-flex e-con e-parent\" data-id=\"cb4f22b\" data-element_type=\"container\" data-e-type=\"container\" data-settings=\"{&quot;background_background&quot;:&quot;classic&quot;}\">\n\t\t<div class=\"elementor-element elementor-element-b7148db e-flex e-con-boxed e-con e-child\" data-id=\"b7148db\" data-element_type=\"container\" data-e-type=\"container\">\n\t\t\t\t\t<div class=\"e-con-inner\">\n\t\t<div class=\"elementor-element elementor-element-269710b e-con-full e-flex e-con e-child\" data-id=\"269710b\" data-element_type=\"container\" data-e-type=\"container\">\n\t\t\t\t<div class=\"elementor-element elementor-element-8a8db03 elementor-widget elementor-widget-heading\" data-id=\"8a8db03\" data-element_type=\"widget\" data-e-type=\"widget\" data-widget_type=\"heading.default\">\n\t\t\t\t<div class=\"elementor-widget-container\">\n\t\t\t\t\t<h2 class=\"elementor-heading-title elementor-size-default\">Where are we and where do we work?<\/h2>\t\t\t\t<\/div>\n\t\t\t\t<\/div>\n\t\t\t\t<div class=\"elementor-element elementor-element-579ccff elementor-widget elementor-widget-text-editor\" data-id=\"579ccff\" data-element_type=\"widget\" data-e-type=\"widget\" data-widget_type=\"text-editor.default\">\n\t\t\t\t<div class=\"elementor-widget-container\">\n\t\t\t\t\t\t\t\t\t<p><strong>Mazarr\u00f3n, Puerto de Mazarr\u00f3n (our base), Bolnuevo, Isla Plana, La Azoh\u00eda, Camposol, <\/strong><strong>Country Club<\/strong>,<\/p><p>*Other areas such as Totana and Condado de Alhama, have an extra charge for transportation.<\/p>\t\t\t\t\t\t\t\t<\/div>\n\t\t\t\t<\/div>\n\t\t\t\t<div class=\"elementor-element elementor-element-4325d9e elementor-align-left elementor-widget elementor-widget-button\" data-id=\"4325d9e\" data-element_type=\"widget\" data-e-type=\"widget\" data-widget_type=\"button.default\">\n\t\t\t\t<div class=\"elementor-widget-container\">\n\t\t\t\t\t\t\t\t\t<div class=\"elementor-button-wrapper\">\n\t\t\t\t\t<a class=\"elementor-button elementor-button-link elementor-size-sm\" href=\"tel:+634603848\">\n\t\t\t\t\t\t<span class=\"elementor-button-content-wrapper\">\n\t\t\t\t\t\t\t\t\t<span class=\"elementor-button-text\">+34 634 60 38 48<\/span>\n\t\t\t\t\t<\/span>\n\t\t\t\t\t<\/a>\n\t\t\t\t<\/div>\n\t\t\t\t\t\t\t\t<\/div>\n\t\t\t\t<\/div>\n\t\t\t\t<\/div>\n\t\t<div class=\"elementor-element elementor-element-753ee8e e-con-full e-flex e-con e-child\" data-id=\"753ee8e\" data-element_type=\"container\" data-e-type=\"container\">\n\t\t\t\t<div class=\"elementor-element elementor-element-87ba375 elementor-widget elementor-widget-google_maps\" data-id=\"87ba375\" data-element_type=\"widget\" data-e-type=\"widget\" data-widget_type=\"google_maps.default\">\n\t\t\t\t<div class=\"elementor-widget-container\">\n\t\t\t\t\t\t\t<div class=\"elementor-custom-embed\">\n\t\t\t<iframe loading=\"lazy\"\n\t\t\t\t\tsrc=\"https:\/\/maps.google.com\/maps?q=Puerto%20de%20Mazarr%C3%B3n&#038;t=m&#038;z=12&#038;output=embed&#038;iwloc=near\"\n\t\t\t\t\ttitle=\"Puerto de Mazarr\u00f3n\"\n\t\t\t\t\taria-label=\"Puerto de Mazarr\u00f3n\"\n\t\t\t><\/iframe>\n\t\t<\/div>\n\t\t\t\t\t\t<\/div>\n\t\t\t\t<\/div>\n\t\t\t\t<\/div>\n\t\t\t\t\t<\/div>\n\t\t\t\t<\/div>\n\t\t\t\t<\/div>\n\t\t<div class=\"elementor-element elementor-element-02f4bf6 e-flex e-con-boxed e-con e-parent\" data-id=\"02f4bf6\" data-element_type=\"container\" data-e-type=\"container\">\n\t\t\t\t\t<div class=\"e-con-inner\">\n\t\t<div class=\"elementor-element elementor-element-757aee2 e-con-full e-flex e-con e-child\" data-id=\"757aee2\" data-element_type=\"container\" data-e-type=\"container\" data-settings=\"{&quot;background_background&quot;:&quot;classic&quot;}\">\n\t\t<div class=\"elementor-element elementor-element-1a413ad e-con-full e-flex e-con e-child\" data-id=\"1a413ad\" data-element_type=\"container\" data-e-type=\"container\">\n\t\t\t\t<div class=\"elementor-element elementor-element-ed2aed0 elementor-button-align-stretch elementor-widget elementor-widget-form\" data-id=\"ed2aed0\" data-element_type=\"widget\" data-e-type=\"widget\" data-settings=\"{&quot;step_next_label&quot;:&quot;Next&quot;,&quot;step_previous_label&quot;:&quot;Previous&quot;,&quot;button_width&quot;:&quot;100&quot;,&quot;step_type&quot;:&quot;number_text&quot;,&quot;step_icon_shape&quot;:&quot;circle&quot;}\" data-widget_type=\"form.default\">\n\t\t\t\t<div class=\"elementor-widget-container\">\n\t\t\t\t\t\t\t<form class=\"elementor-form\" method=\"post\" name=\"New form\">\n\t\t\t<input type=\"hidden\" name=\"post_id\" value=\"843\"\/>\n\t\t\t<input type=\"hidden\" name=\"form_id\" value=\"ed2aed0\"\/>\n\t\t\t<input type=\"hidden\" name=\"referer_title\" value=\"Contact - MOP-UP. Empresa de Limpieza\" \/>\n\n\t\t\t\t\t\t\t<input type=\"hidden\" name=\"queried_id\" value=\"843\"\/>\n\t\t\t\n\t\t\t<div class=\"elementor-form-fields-wrapper elementor-labels-\">\n\t\t\t\t\t\t\t\t<div class=\"elementor-field-type-text elementor-field-group elementor-column elementor-field-group-name elementor-col-100\">\n\t\t\t\t\t\t\t\t\t\t\t\t<label for=\"form-field-name\" class=\"elementor-field-label elementor-screen-only\">\n\t\t\t\t\t\t\t\tName\t\t\t\t\t\t\t<\/label>\n\t\t\t\t\t\t\t\t\t\t\t\t\t\t<input size=\"1\" type=\"text\" name=\"form_fields[name]\" id=\"form-field-name\" class=\"elementor-field elementor-size-sm  elementor-field-textual\" placeholder=\"Name\">\n\t\t\t\t\t\t\t\t\t\t\t<\/div>\n\t\t\t\t\t\t\t\t<div class=\"elementor-field-type-text elementor-field-group elementor-column elementor-field-group-field_876abdb elementor-col-100\">\n\t\t\t\t\t\t\t\t\t\t\t\t<label for=\"form-field-field_876abdb\" class=\"elementor-field-label elementor-screen-only\">\n\t\t\t\t\t\t\t\tPhone\t\t\t\t\t\t\t<\/label>\n\t\t\t\t\t\t\t\t\t\t\t\t\t\t<input size=\"1\" type=\"text\" name=\"form_fields[field_876abdb]\" id=\"form-field-field_876abdb\" class=\"elementor-field elementor-size-sm  elementor-field-textual\" placeholder=\"Phone\">\n\t\t\t\t\t\t\t\t\t\t\t<\/div>\n\t\t\t\t\t\t\t\t<div class=\"elementor-field-type-email elementor-field-group elementor-column elementor-field-group-email elementor-col-100 elementor-field-required\">\n\t\t\t\t\t\t\t\t\t\t\t\t<label for=\"form-field-email\" class=\"elementor-field-label elementor-screen-only\">\n\t\t\t\t\t\t\t\tEmail\t\t\t\t\t\t\t<\/label>\n\t\t\t\t\t\t\t\t\t\t\t\t\t\t<input size=\"1\" type=\"email\" name=\"form_fields[email]\" id=\"form-field-email\" class=\"elementor-field elementor-size-sm  elementor-field-textual\" placeholder=\"Email\" required=\"required\">\n\t\t\t\t\t\t\t\t\t\t\t<\/div>\n\t\t\t\t\t\t\t\t<div class=\"elementor-field-type-textarea elementor-field-group elementor-column elementor-field-group-message elementor-col-100\">\n\t\t\t\t\t\t\t\t\t\t\t\t<label for=\"form-field-message\" class=\"elementor-field-label elementor-screen-only\">\n\t\t\t\t\t\t\t\tMessage\t\t\t\t\t\t\t<\/label>\n\t\t\t\t\t\t<textarea class=\"elementor-field-textual elementor-field  elementor-size-sm\" name=\"form_fields[message]\" id=\"form-field-message\" rows=\"4\" placeholder=\"Message\"><\/textarea>\t\t\t\t<\/div>\n\t\t\t\t\t\t\t\t<div class=\"elementor-field-type-acceptance elementor-field-group elementor-column elementor-field-group-field_bcfd9b0 elementor-col-100 elementor-field-required\">\n\t\t\t\t\t\t\t<div class=\"elementor-field-subgroup\">\n\t\t\t<span class=\"elementor-field-option\">\n\t\t\t\t<input type=\"checkbox\" name=\"form_fields[field_bcfd9b0]\" id=\"form-field-field_bcfd9b0\" class=\"elementor-field elementor-size-sm  elementor-acceptance-field\" required=\"required\">\n\t\t\t\t<label for=\"form-field-field_bcfd9b0\">He le\u00eddo y acepto la <a style=\"color:#ccc\" href=\"https:\/\/mop-up.com\/politica-de-privacidad\">Pol\u00edtica de privacidad<\/a> y el <a style=\"color:#ccc\" href=\"https:\/\/mop-up.com\/aviso-legal\">Aviso Legal<\/a> de la empresa.<\/label>\t\t\t<\/span>\n\t\t<\/div>\n\t\t\t\t\t\t<\/div>\n\t\t\t\t\t\t\t\t<div class=\"elementor-field-group elementor-column elementor-field-type-submit elementor-col-100 e-form__buttons\">\n\t\t\t\t\t<button class=\"elementor-button elementor-size-sm\" type=\"submit\">\n\t\t\t\t\t\t<span class=\"elementor-button-content-wrapper\">\n\t\t\t\t\t\t\t\t\t\t\t\t\t\t\t\t\t\t\t\t\t\t<span class=\"elementor-button-text\">Send<\/span>\n\t\t\t\t\t\t\t\t\t\t\t\t\t<\/span>\n\t\t\t\t\t<\/button>\n\t\t\t\t<\/div>\n\t\t\t<\/div>\n\t\t<\/form>\n\t\t\t\t\t\t<\/div>\n\t\t\t\t<\/div>\n\t\t\t\t<\/div>\n\t\t<div class=\"elementor-element elementor-element-3bc83b9 e-con-full e-flex e-con e-child\" data-id=\"3bc83b9\" data-element_type=\"container\" data-e-type=\"container\">\n\t\t\t\t<div class=\"elementor-element elementor-element-14c81b8 elementor-widget elementor-widget-heading\" data-id=\"14c81b8\" data-element_type=\"widget\" data-e-type=\"widget\" data-widget_type=\"heading.default\">\n\t\t\t\t<div class=\"elementor-widget-container\">\n\t\t\t\t\t<h2 class=\"elementor-heading-title elementor-size-default\">Trust us for efficient, responsible service tailored to your needs. <\/h2>\t\t\t\t<\/div>\n\t\t\t\t<\/div>\n\t\t\t\t<div class=\"elementor-element elementor-element-8b50634 elementor-widget elementor-widget-heading\" data-id=\"8b50634\" data-element_type=\"widget\" data-e-type=\"widget\" data-widget_type=\"heading.default\">\n\t\t\t\t<div class=\"elementor-widget-container\">\n\t\t\t\t\t<h2 class=\"elementor-heading-title elementor-size-default\">Contact us and discover the difference of professional cleaning in Mazarr\u00f3n!<\/h2>\t\t\t\t<\/div>\n\t\t\t\t<\/div>\n\t\t\t\t<\/div>\n\t\t\t\t<\/div>\n\t\t\t\t\t<\/div>\n\t\t\t\t<\/div>\n\t\t\t\t<\/div>\n\t\t","protected":false},"excerpt":{"rendered":"<p>CONTACT Where are we and where do we work? Mazarr\u00f3n, Puerto de Mazarr\u00f3n (our base), Bolnuevo, Isla Plana, La Azoh\u00eda, Camposol, Country Club, *Other areas such as Totana and Condado de Alhama, have an extra charge for transportation. +34 634 60 38 48 Trust us for efficient, responsible service tailored to your needs. Contact us [&hellip;]<\/p>\n","protected":false},"author":1,"featured_media":0,"parent":0,"menu_order":0,"comment_status":"closed","ping_status":"closed","template":"","meta":{"_acf_changed":false,"footnotes":""},"class_list":["post-843","page","type-page","status-publish","hentry"],"acf":[],"yoast_head":"<!-- This site is optimized with the Yoast SEO plugin v26.9 - https:\/\/yoast.com\/product\/yoast-seo-wordpress\/ -->\n<title>Contact - MOP-UP. Empresa de Limpieza<\/title>\n<meta name=\"description\" content=\"Contact us and discover the difference of professional cleaning in Mazarr\u00f3n, Puerto de Mazarr\u00f3n, Bolnuevo, Isla Plana, La Azoh\u00eda, Camposol\" \/>\n<meta name=\"robots\" content=\"index, follow, max-snippet:-1, max-image-preview:large, max-video-preview:-1\" \/>\n<link rel=\"canonical\" href=\"https:\/\/www.mop-up.com\/en\/contact\/\" \/>\n<meta property=\"og:locale\" content=\"en_US\" \/>\n<meta property=\"og:type\" content=\"article\" \/>\n<meta property=\"og:title\" content=\"Contact - MOP-UP. Empresa de Limpieza\" \/>\n<meta property=\"og:description\" content=\"Contact us and discover the difference of professional cleaning in Mazarr\u00f3n, Puerto de Mazarr\u00f3n, Bolnuevo, Isla Plana, La Azoh\u00eda, Camposol\" \/>\n<meta property=\"og:url\" content=\"https:\/\/www.mop-up.com\/en\/contact\/\" \/>\n<meta property=\"og:site_name\" content=\"MOP-UP. Empresa de Limpieza\" \/>\n<meta property=\"article:modified_time\" content=\"2026-02-04T21:51:18+00:00\" \/>\n<meta property=\"og:image\" content=\"https:\/\/www.mop-up.com\/wp-content\/uploads\/2025\/05\/logo-scaled.png\" \/>\n\t<meta property=\"og:image:width\" content=\"2560\" \/>\n\t<meta property=\"og:image:height\" content=\"731\" \/>\n\t<meta property=\"og:image:type\" content=\"image\/png\" \/>\n<meta name=\"twitter:card\" content=\"summary_large_image\" \/>\n<script type=\"application\/ld+json\" class=\"yoast-schema-graph\">{\"@context\":\"https:\/\/schema.org\",\"@graph\":[{\"@type\":\"WebPage\",\"@id\":\"https:\/\/www.mop-up.com\/en\/contact\/\",\"url\":\"https:\/\/www.mop-up.com\/en\/contact\/\",\"name\":\"Contact - MOP-UP. Empresa de Limpieza\",\"isPartOf\":{\"@id\":\"https:\/\/www.mop-up.com\/en\/#website\"},\"datePublished\":\"2025-05-23T08:23:29+00:00\",\"dateModified\":\"2026-02-04T21:51:18+00:00\",\"description\":\"Contact us and discover the difference of professional cleaning in Mazarr\u00f3n, Puerto de Mazarr\u00f3n, Bolnuevo, Isla Plana, La Azoh\u00eda, Camposol\",\"breadcrumb\":{\"@id\":\"https:\/\/www.mop-up.com\/en\/contact\/#breadcrumb\"},\"inLanguage\":\"en-US\",\"potentialAction\":[{\"@type\":\"ReadAction\",\"target\":[\"https:\/\/www.mop-up.com\/en\/contact\/\"]}]},{\"@type\":\"BreadcrumbList\",\"@id\":\"https:\/\/www.mop-up.com\/en\/contact\/#breadcrumb\",\"itemListElement\":[{\"@type\":\"ListItem\",\"position\":1,\"name\":\"Portada\",\"item\":\"https:\/\/www.mop-up.com\/en\/\"},{\"@type\":\"ListItem\",\"position\":2,\"name\":\"Contact\"}]},{\"@type\":\"WebSite\",\"@id\":\"https:\/\/www.mop-up.com\/en\/#website\",\"url\":\"https:\/\/www.mop-up.com\/en\/\",\"name\":\"MOP-UP. Empresa de Limpieza\",\"description\":\"\",\"publisher\":{\"@id\":\"https:\/\/www.mop-up.com\/en\/#organization\"},\"potentialAction\":[{\"@type\":\"SearchAction\",\"target\":{\"@type\":\"EntryPoint\",\"urlTemplate\":\"https:\/\/www.mop-up.com\/en\/?s={search_term_string}\"},\"query-input\":{\"@type\":\"PropertyValueSpecification\",\"valueRequired\":true,\"valueName\":\"search_term_string\"}}],\"inLanguage\":\"en-US\"},{\"@type\":\"Organization\",\"@id\":\"https:\/\/www.mop-up.com\/en\/#organization\",\"name\":\"MOP-UP. Empresa de Limpieza\",\"url\":\"https:\/\/www.mop-up.com\/en\/\",\"logo\":{\"@type\":\"ImageObject\",\"inLanguage\":\"en-US\",\"@id\":\"https:\/\/www.mop-up.com\/en\/#\/schema\/logo\/image\/\",\"url\":\"https:\/\/www.mop-up.com\/wp-content\/uploads\/2025\/05\/logo-scaled.png\",\"contentUrl\":\"https:\/\/www.mop-up.com\/wp-content\/uploads\/2025\/05\/logo-scaled.png\",\"width\":2560,\"height\":731,\"caption\":\"MOP-UP. Empresa de Limpieza\"},\"image\":{\"@id\":\"https:\/\/www.mop-up.com\/en\/#\/schema\/logo\/image\/\"}}]}<\/script>\n<!-- \/ Yoast SEO plugin. -->","yoast_head_json":{"title":"Contact - MOP-UP. Empresa de Limpieza","description":"Contact us and discover the difference of professional cleaning in Mazarr\u00f3n, Puerto de Mazarr\u00f3n, Bolnuevo, Isla Plana, La Azoh\u00eda, Camposol","robots":{"index":"index","follow":"follow","max-snippet":"max-snippet:-1","max-image-preview":"max-image-preview:large","max-video-preview":"max-video-preview:-1"},"canonical":"https:\/\/www.mop-up.com\/en\/contact\/","og_locale":"en_US","og_type":"article","og_title":"Contact - MOP-UP. Empresa de Limpieza","og_description":"Contact us and discover the difference of professional cleaning in Mazarr\u00f3n, Puerto de Mazarr\u00f3n, Bolnuevo, Isla Plana, La Azoh\u00eda, Camposol","og_url":"https:\/\/www.mop-up.com\/en\/contact\/","og_site_name":"MOP-UP. Empresa de Limpieza","article_modified_time":"2026-02-04T21:51:18+00:00","og_image":[{"width":2560,"height":731,"url":"https:\/\/www.mop-up.com\/wp-content\/uploads\/2025\/05\/logo-scaled.png","type":"image\/png"}],"twitter_card":"summary_large_image","schema":{"@context":"https:\/\/schema.org","@graph":[{"@type":"WebPage","@id":"https:\/\/www.mop-up.com\/en\/contact\/","url":"https:\/\/www.mop-up.com\/en\/contact\/","name":"Contact - MOP-UP. Empresa de Limpieza","isPartOf":{"@id":"https:\/\/www.mop-up.com\/en\/#website"},"datePublished":"2025-05-23T08:23:29+00:00","dateModified":"2026-02-04T21:51:18+00:00","description":"Contact us and discover the difference of professional cleaning in Mazarr\u00f3n, Puerto de Mazarr\u00f3n, Bolnuevo, Isla Plana, La Azoh\u00eda, Camposol","breadcrumb":{"@id":"https:\/\/www.mop-up.com\/en\/contact\/#breadcrumb"},"inLanguage":"en-US","potentialAction":[{"@type":"ReadAction","target":["https:\/\/www.mop-up.com\/en\/contact\/"]}]},{"@type":"BreadcrumbList","@id":"https:\/\/www.mop-up.com\/en\/contact\/#breadcrumb","itemListElement":[{"@type":"ListItem","position":1,"name":"Portada","item":"https:\/\/www.mop-up.com\/en\/"},{"@type":"ListItem","position":2,"name":"Contact"}]},{"@type":"WebSite","@id":"https:\/\/www.mop-up.com\/en\/#website","url":"https:\/\/www.mop-up.com\/en\/","name":"MOP-UP. Empresa de Limpieza","description":"","publisher":{"@id":"https:\/\/www.mop-up.com\/en\/#organization"},"potentialAction":[{"@type":"SearchAction","target":{"@type":"EntryPoint","urlTemplate":"https:\/\/www.mop-up.com\/en\/?s={search_term_string}"},"query-input":{"@type":"PropertyValueSpecification","valueRequired":true,"valueName":"search_term_string"}}],"inLanguage":"en-US"},{"@type":"Organization","@id":"https:\/\/www.mop-up.com\/en\/#organization","name":"MOP-UP. Empresa de Limpieza","url":"https:\/\/www.mop-up.com\/en\/","logo":{"@type":"ImageObject","inLanguage":"en-US","@id":"https:\/\/www.mop-up.com\/en\/#\/schema\/logo\/image\/","url":"https:\/\/www.mop-up.com\/wp-content\/uploads\/2025\/05\/logo-scaled.png","contentUrl":"https:\/\/www.mop-up.com\/wp-content\/uploads\/2025\/05\/logo-scaled.png","width":2560,"height":731,"caption":"MOP-UP. Empresa de Limpieza"},"image":{"@id":"https:\/\/www.mop-up.com\/en\/#\/schema\/logo\/image\/"}}]}},"_links":{"self":[{"href":"https:\/\/www.mop-up.com\/en\/wp-json\/wp\/v2\/pages\/843","targetHints":{"allow":["GET"]}}],"collection":[{"href":"https:\/\/www.mop-up.com\/en\/wp-json\/wp\/v2\/pages"}],"about":[{"href":"https:\/\/www.mop-up.com\/en\/wp-json\/wp\/v2\/types\/page"}],"author":[{"embeddable":true,"href":"https:\/\/www.mop-up.com\/en\/wp-json\/wp\/v2\/users\/1"}],"replies":[{"embeddable":true,"href":"https:\/\/www.mop-up.com\/en\/wp-json\/wp\/v2\/comments?post=843"}],"version-history":[{"count":8,"href":"https:\/\/www.mop-up.com\/en\/wp-json\/wp\/v2\/pages\/843\/revisions"}],"predecessor-version":[{"id":1042,"href":"https:\/\/www.mop-up.com\/en\/wp-json\/wp\/v2\/pages\/843\/revisions\/1042"}],"wp:attachment":[{"href":"https:\/\/www.mop-up.com\/en\/wp-json\/wp\/v2\/media?parent=843"}],"curies":[{"name":"wp","href":"https:\/\/api.w.org\/{rel}","templated":true}]}}